{"id":11,"date":"2019-06-05T19:53:07","date_gmt":"2019-06-05T19:53:07","guid":{"rendered":"http:\/\/kilianer-carneval-club.de\/?page_id=11"},"modified":"2026-02-17T16:32:48","modified_gmt":"2026-02-17T16:32:48","slug":"die-geschichte-der-kilianer-fassenacht","status":"publish","type":"page","link":"https:\/\/kilianer-carneval-club.de\/?page_id=11","title":{"rendered":"Die Geschichte der Kilianer Fassenacht &#8230;"},"content":{"rendered":"\n<p>Die Geschichte der Kilianer Fassenacht begann im&nbsp;<strong>Jahr 1949<\/strong>. Seinerzeit veranstalteten eine Reihe Kostheimer Vereine eine Fastnachts-Prunksitzung, um die schlechte Finanzlage der Pfarrgemeinde St. Kilian in Mainz-Kostheim aufzubessern. Der Reinerl\u00f6s der Prunksitzung, die am 22. Februar 1949 im Frankfurter Hof stattfand, kam demzufolge der Pfarrgemeinde zugute.<\/p>\n\n\n\n<p>Das Sitzungsprogramm gestaltete sich damals aus &#8222;dem Besten&#8220;, was die Kostheimer Vereine aus Ihren eigenen Fastnachtssitzungen heraus zu bieten hatten. Erster Sitzungspr\u00e4sident war Toni Vogt, das Komitee bestand aus den Pr\u00e4sidenten der jeweiligen Vereine.<br>Der Andrang zu der Sitzung war so gro\u00df, da\u00df sie am 24. Februar 1949 wiederholt werden musste.<\/p>\n\n\n\n<p><strong>Im Jahr 1950<\/strong>&nbsp;wiederholte man die Prunksitzung, diesmal aber unter eigener Gesamtregie und mit einer Reihe &#8222;eigener&#8220; Mitwirkenden. So hielt beispielsweise das Gemeindemitglied Josef Frosch (Vater unseres ehemaligen Sitzungspr\u00e4sidenten, Bardo Frosch) das Sitzungsprotokoll.<\/p>\n\n\n\n<p>So setzte sich die Tradition ununterbrochen fort und in den Folgejahren wiederholte man die Prunksitzung, die zwischenzeitlich zur Familien-Sonder-Sitzung umgetauft wurde.&nbsp;<strong>1952<\/strong>&nbsp;wurde die Sitzung erstmals &#8222;ohne fremde Vortragende&#8220; bestritten.<\/p>\n\n\n\n<p>Da&nbsp;<strong>1958<\/strong>&nbsp;in Kostheim kein Saal mehr zu haben war, fand die Familien-Sonder-Sitzung im benachbarten Gutavsburg statt. Auch in den Folgejahren musste man nach Gustavsburg ausweichen, bis man&nbsp;<strong>Mitte der 60er<\/strong>&nbsp;in das Gemeindezentrum &#8222;Ferrutiushaus&#8220; einziehen konnte.<\/p>\n\n\n\n<p>1976 bildete sich aus einer Singgruppe von Jungen und M\u00e4dchen unter der Leitung von Helmut Bitz eine Kinder-Schola, die fortan (bis heute!) fester Bestandteil einer jeden Kilianer Fastnachssitzung ist.<\/p>\n\n\n\n<p><strong>1977<\/strong>&nbsp;\u00fcbernahm Erhard Grom f\u00fcr die folgenden 10 Jahre das Amt des Sitzungspr\u00e4sidenten.<\/p>\n\n\n\n<p><strong>1987<\/strong>&nbsp;\u00fcbergab Helmut Bitz, der die Kilianer Fastnachtsitzungen \u00fcber viele Jahre \u00e4u\u00dferst erfolgreich organisiert hatte die Organisation derselben an Edmund Bott. Zusammen mit Ram\u00f3n Somoza und Peter Stuppert bildeten sie &#8222;das n\u00e4rrische Pr\u00e4sidium von St. Kilian&#8220; und zeichnen seit diesem Jahr f\u00fcr die Kilianer Fastnacht verantwortlich. Die Sitzungen liefen fortan unter dem Namen &#8222;Traditionelle Kilianer Fastnachtssitzungen&#8220;. Der KCC (Kilianer Carneval Club) war gegr\u00fcndet.<\/p>\n\n\n\n<p>Sitzungspr\u00e4sident war Franz Vogler, der&nbsp;<strong>1989<\/strong>&nbsp;von Gerhard Schier abgel\u00f6st wurde.<\/p>\n\n\n\n<p><strong>1991<\/strong>&nbsp;fielen wegen des Golfkrieges die traditionellen Fastnachtssitzungen aus.<\/p>\n\n\n\n<p>Bardo Frosch \u00fcbernahm&nbsp;<strong>1996<\/strong>&nbsp;das Amt des Sitzungspr\u00e4sidenten f\u00fcr n\u00e4rrische 11 Jahre.<\/p>\n\n\n\n<p>Ebenfalls&nbsp;<strong>1996<\/strong>&nbsp;wurde erstmalig zu den zwei traditionellen Fastnachtssitzungen eine weitere Veranstaltung &#8211; die Kellersitzung &#8211; ins Leben gerufen. Sie findet seither im historischen Gew\u00f6lbekeller des Ferrutiushauses statt.<\/p>\n\n\n\n<p><strong>1997&nbsp;<\/strong>fanden die traditionellen Fastnachtssitzungen im Saal der benachbarten Stephanusgemeinde statt, da das Ferrutiushaus umgebaut wurde.<\/p>\n\n\n\n<p>Seit&nbsp;<strong>1998<\/strong>&nbsp;fanden die Sitzungen im nunmehr umgebauten und renovierten Ferrutiushaus statt.<\/p>\n\n\n\n<p>Im Jahr&nbsp;<strong>2001<\/strong>&nbsp;ruft der KCC zu den zwei traditionellen Fastnachtssitzungen und der Kellersitzung eine vierte Veranstaltung ins Leben: Der Kindermaskenball. Am 18. Februar 2001 erstmals veranstaltet wird er sofort ein gro\u00dfer Erfolg und wird fortan fester Bestandteil der Kilianer Fastnacht.<\/p>\n\n\n\n<p>In der Kampagne&nbsp;<strong>2003 \/ 2004<\/strong>&nbsp;feierte der KCC sein 5 x 11tes Bestehen. Eine Jubil\u00e4umsveranstaltung, mit w\u00fcrdiger Laudatio (Roderich Volk) und buntem Rahmenprogramm war der H\u00f6hepunkt einer Kampagne, die selbstverst\u00e4ndlich wieder von zwei traditionellen Fastnachtssitzungen und einem Kindermaskenball umrahmt wurden.<\/p>\n\n\n\n<p>Nach 20 Jahren in der Verantwortung f\u00fcr die Kilianer Fastnacht, \u00fcbergab das n\u00e4rrische Pr\u00e4sidium &#8211; Edmund Bott, Peter Stuppert und Ram\u00f3n Somoza &#8211; im Oktober&nbsp;<strong>2007<\/strong>&nbsp;die F\u00fchrung des KCC an ein neues &#8222;Dreigestirn&#8220;. Matthias Bott, Marcus Golob und Mathias Rosskopp bildeten fortan das neue n\u00e4rrische Pr\u00e4sidium.Annelie Schenk k\u00fcmmerte sich fortan um die Finanzen der Kirchengruppe und um allgemeine Organisation.<\/p>\n\n\n\n<p>Im selben Jahr \u00fcbergab auch Bardo Frosch &#8211; 11 Jahre Sitzungspr\u00e4sident des KCC &#8211; sein Amt an Franz Vogler, der bereits 1987 und 1988 die Narrenschelle beim KCC geschwungen hatte.<\/p>\n\n\n\n<p>Marcus Golob und Mathias Rosskopp konnten ab der Kampagne 2009 leider nicht mehr ihre T\u00e4tigkeit im Pr\u00e4sidium ausf\u00fchren. Sie bleiben dem KCC aber durch ihre Unterst\u00fctzung weiterhin erhalten.<\/p>\n\n\n\n<p><strong>2009<\/strong>&nbsp;wurde Elisabeth Schenk das ersten weibliche Pr\u00e4sidiumsmitglied des KCC.<\/p>\n\n\n\n<p>Franz Vogler \u00fcbergab im Jahr&nbsp;<strong>2011<\/strong>&nbsp;sein Amt des Sitzungspr\u00e4sidenten dem Pr\u00e4sidiumsmitglied Matthias Bot<\/p>\n\n\n\n<p>Zum ersten Mal in der Geschichte wurde im Jahr <strong>2017 <\/strong>mit Annelie Schenk eine weibliche Person ins Komitee berufen. Sie wurde verdient zum Ehrenkomiteeter ernannt.<\/p>\n\n\n\n<p><strong>2018 <\/strong>gaben Pr\u00e4sidium und Sitzungspr\u00e4sident ihre \u00c4mter ab. Das neue Pr\u00e4sidium mit Diane Mast als 1. Vorsitzende, Marcus Golob als Sitzungspr\u00e4sident und Michael Schneider als Schriftf\u00fchrer \u00fcbernahm im Oktober das Ruder. Gleichzeitig trat Peter Adomat den Posten als Schatzmeister an. Ab diesem Zeitpunkt \u00fcbergab die Pr\u00e4sidentin Diane Mast eine wichtige Aufgaben an ihre Obersttruchsess Janina Schwedass ab.<\/p>\n\n\n\n<p><strong>2020<\/strong> Mit Corona-Pandemie-Beginn l\u00f6ste Daniel Hahner den bisherigen Schriftf\u00fchrer Michael Schneider ab und wurde auch Teil des Pr\u00e4sidiums. <\/p>\n\n\n\n<p>Am 30.09.2020 gr\u00fcndete die kirchliche Abteilung &#8222;Kilianer Carneval Club&#8220; der Gemeinde St. Kilian den Verein &#8222;Kilianer Carneval Club 1949 e.V.&#8220;. Die Gr\u00fcndungsmitglieder sind Pfarrer Klaus Forster, Diane Mast, Marcus Golob, Peter Adomat, Daniel Hahner, Christian Schmitt und Annelie Schenk.<\/p>\n\n\n\n<p><strong>2021<\/strong> und 2022 In den Jahren der Pandemie konnten keine Sitzungen stattfinden. Stattdessen rief die Pr\u00e4sidentin die Fastnachtsfenster ins Leben. Es wurde dazu aufgerufen, sein selbst gestaltetes Fastnachtsfenster anzumelden und der \u00d6ffentlichkeit zur Ansicht zu stellen. Das wurde rege angenommen und war zu diesen Zeiten eine willkommene Abwechslung vom Alltag. Das sch\u00f6nste Fenster erhielt eine Pr\u00e4mierung. <\/p>\n\n\n\n<p><strong>2022 <\/strong>wurde die Satzung ge\u00e4ndert und einen gesch\u00e4ftsf\u00fchrenden Vorstand beschlossen.<\/p>\n\n\n\n<p>Ab <strong>2023 <\/strong>besteht die M\u00f6glichkeit sich als Mitglied beim Kilianer Carneval Club 1949 e.V. zu bewerben. Die Sitzungen freuen sich gro\u00dfer Beliebtheit.<\/p>\n\n\n\n<p><strong>2024 <\/strong> Marcus Golob pausierte berufsbedingt als Sitzungspr\u00e4sident.<\/p>\n\n\n\n<p><strong>2025 <\/strong>\u00fcbernahm mit Diane Mast zum ersten Mal eine Frau das Amt als Sitzungspr\u00e4sidentin.<\/p>\n\n\n\n<p><\/p>\n","protected":false},"excerpt":{"rendered":"<p>Die Geschichte der Kilianer Fassenacht begann im&nbsp;Jahr 1949. Seinerzeit veranstalteten eine Reihe Kostheimer Vereine eine Fastnachts-Prunksitzung, um die schlechte Finanzlage der Pfarrgemeinde St. Kilian in Mainz-Kostheim aufzubessern. Der Reinerl\u00f6s der Prunksitzung, die am 22. Februar 1949 im Frankfurter Hof stattfand, &hellip; <a href=\"https:\/\/kilianer-carneval-club.de\/?page_id=11\">Weiterlesen <span class=\"meta-nav\">&rarr;<\/span><\/a><\/p>\n","protected":false},"author":1,"featured_media":0,"parent":0,"menu_order":0,"comment_status":"closed","ping_status":"closed","template":"","meta":{"footnotes":""},"class_list":["post-11","page","type-page","status-publish","hentry"],"_links":{"self":[{"href":"https:\/\/kilianer-carneval-club.de\/index.php?rest_route=\/wp\/v2\/pages\/11","targetHints":{"allow":["GET"]}}],"collection":[{"href":"https:\/\/kilianer-carneval-club.de\/index.php?rest_route=\/wp\/v2\/pages"}],"about":[{"href":"https:\/\/kilianer-carneval-club.de\/index.php?rest_route=\/wp\/v2\/types\/page"}],"author":[{"embeddable":true,"href":"https:\/\/kilianer-carneval-club.de\/index.php?rest_route=\/wp\/v2\/users\/1"}],"replies":[{"embeddable":true,"href":"https:\/\/kilianer-carneval-club.de\/index.php?rest_route=%2Fwp%2Fv2%2Fcomments&post=11"}],"version-history":[{"count":9,"href":"https:\/\/kilianer-carneval-club.de\/index.php?rest_route=\/wp\/v2\/pages\/11\/revisions"}],"predecessor-version":[{"id":1528,"href":"https:\/\/kilianer-carneval-club.de\/index.php?rest_route=\/wp\/v2\/pages\/11\/revisions\/1528"}],"wp:attachment":[{"href":"https:\/\/kilianer-carneval-club.de\/index.php?rest_route=%2Fwp%2Fv2%2Fmedia&parent=11"}],"curies":[{"name":"wp","href":"https:\/\/api.w.org\/{rel}","templated":true}]}}