{"id":17,"date":"2019-06-05T19:55:36","date_gmt":"2019-06-05T19:55:36","guid":{"rendered":"http:\/\/kilianer-carneval-club.de\/?page_id=17"},"modified":"2020-04-14T14:37:23","modified_gmt":"2020-04-14T14:37:23","slug":"das-naerrische-praesidium","status":"publish","type":"page","link":"https:\/\/kilianer-carneval-club.de\/?page_id=17","title":{"rendered":"Das n\u00e4rrische Pr\u00e4sidium"},"content":{"rendered":"\n<div class=\"wp-block-image\"><figure class=\"aligncenter size-medium\"><img loading=\"lazy\" decoding=\"async\" width=\"300\" height=\"200\" src=\"http:\/\/kilianer-carneval-club.de\/wp-content\/uploads\/2019\/11\/IMG_6484-300x200.jpg\" alt=\"\" class=\"wp-image-883\" srcset=\"https:\/\/kilianer-carneval-club.de\/wp-content\/uploads\/2019\/11\/IMG_6484-300x200.jpg 300w, https:\/\/kilianer-carneval-club.de\/wp-content\/uploads\/2019\/11\/IMG_6484-1024x683.jpg 1024w, https:\/\/kilianer-carneval-club.de\/wp-content\/uploads\/2019\/11\/IMG_6484-768x512.jpg 768w, https:\/\/kilianer-carneval-club.de\/wp-content\/uploads\/2019\/11\/IMG_6484-1536x1024.jpg 1536w, https:\/\/kilianer-carneval-club.de\/wp-content\/uploads\/2019\/11\/IMG_6484-2048x1365.jpg 2048w\" sizes=\"auto, (max-width: 300px) 100vw, 300px\" \/><figcaption><strong>Michael Schneider, Diane Mast und Marcus Golob&nbsp;<\/strong><br>(ab 2018)<\/figcaption><\/figure><\/div>\n\n\n\n<p>Das n\u00e4rrische Pr\u00e4sidium erreichen Sie unter der Email-Adresse: praesidium@kilianer.de<\/p>\n\n\n\n<p>F\u00fcr Kartenbestellungen bitte ausschlie\u00dflich die Email-Adresse karten@kilianer.de benutzen.<\/p>\n\n\n\n<hr class=\"wp-block-separator\"\/>\n\n\n\n<h2 class=\"wp-block-heading\">bisher im Pr\u00e4sidium<\/h2>\n\n\n\n<p>Bis 2018<\/p>\n\n\n\n<figure class=\"wp-block-image\"><img decoding=\"async\" src=\"https:\/\/www.kilianer.de\/system\/images\/Praesidium\/matze_lissy_2011.jpg\" alt=\"\"\/><figcaption><strong>Matthias Bott und Elisabeth Schenk<\/strong><br>(2009 bis 2018)<\/figcaption><\/figure>\n\n\n\n<p>Bis 2009<\/p>\n\n\n\n<figure class=\"wp-block-image\"><img decoding=\"async\" src=\"https:\/\/www.kilianer.de\/system\/images\/Praesidium\/np_neu_2007.jpg\" alt=\"\"\/><figcaption><br>v.l.n.r.<br><strong>Marcus Golob, Matthias Bott, Franz Vogler, Mathias Rosskopp<\/strong><br>(Oktober 2007 &#8211; 2009)<\/figcaption><\/figure>\n\n\n\n<p>Bis 2007<\/p>\n\n\n\n<div class=\"wp-block-image\"><figure class=\"alignleft\"><img loading=\"lazy\" decoding=\"async\" width=\"392\" height=\"178\" src=\"http:\/\/kilianer-carneval-club.de\/wp-content\/uploads\/2019\/08\/praesidium_kl2.jpg\" alt=\"\" class=\"wp-image-814\" srcset=\"https:\/\/kilianer-carneval-club.de\/wp-content\/uploads\/2019\/08\/praesidium_kl2.jpg 392w, https:\/\/kilianer-carneval-club.de\/wp-content\/uploads\/2019\/08\/praesidium_kl2-300x136.jpg 300w\" sizes=\"auto, (max-width: 392px) 100vw, 392px\" \/><figcaption><br>v.l.n.r.&nbsp;<br><strong>Peter Stuppert, Ram\u00f3n Somoza, Edmund Bott<\/strong><br>20 Jahre das n\u00e4rrische Pr\u00e4sidium des KCC<br>(1987 &#8211; 2007)<\/figcaption><\/figure><\/div>\n\n\n\n<figure class=\"wp-block-image is-resized\"><img loading=\"lazy\" decoding=\"async\" src=\"http:\/\/kilianer-carneval-club.de\/wp-content\/uploads\/2019\/08\/bardo.jpg\" alt=\"\" class=\"wp-image-815\" width=\"134\" height=\"169\"\/><figcaption><strong>Bardo Frosch<\/strong>,&nbsp;<br>11 Jahre Sitzungspr\u00e4sident<br>des KCC<br>(1996 &#8211; 2007)<\/figcaption><\/figure>\n\n\n\n<hr class=\"wp-block-separator\"\/>\n\n\n\n<h2 class=\"wp-block-heading\">Die Historie der Sitzungspr\u00e4sidenten seit 1949<\/h2>\n\n\n\n<p>1949 &#8211; 1976: &nbsp; Toni Vogt, Gottfried Josef Kaltenbach<\/p>\n\n\n\n<p>1977 &#8211; 1986: &nbsp; Erhard Grom<\/p>\n\n\n\n<p>1987 &#8211; 1988: &nbsp; Franz Vogler<\/p>\n\n\n\n<p>1989 &#8211; 1995: &nbsp; Gerhard Schier<\/p>\n\n\n\n<p>1996 &#8211; 2007: &nbsp; Bardo Frosch<\/p>\n\n\n\n<p>2008 &#8211; 2010: &nbsp; Franz Vogler<\/p>\n\n\n\n<p>2011 &#8211; 2018: &nbsp; Matthias Bott<\/p>\n\n\n\n<p>2019 &#8211; heute: &nbsp; Marcus Golob<\/p>\n","protected":false},"excerpt":{"rendered":"<p>Das n\u00e4rrische Pr\u00e4sidium erreichen Sie unter der Email-Adresse: praesidium@kilianer.de F\u00fcr Kartenbestellungen bitte ausschlie\u00dflich die Email-Adresse karten@kilianer.de benutzen. bisher im Pr\u00e4sidium Bis 2018 Bis 2009 Bis 2007 Die Historie der Sitzungspr\u00e4sidenten seit 1949 1949 &#8211; 1976: &nbsp; Toni Vogt, Gottfried Josef &hellip; <a href=\"https:\/\/kilianer-carneval-club.de\/?page_id=17\">Weiterlesen <span class=\"meta-nav\">&rarr;<\/span><\/a><\/p>\n","protected":false},"author":1,"featured_media":0,"parent":0,"menu_order":0,"comment_status":"closed","ping_status":"closed","template":"","meta":{"footnotes":""},"class_list":["post-17","page","type-page","status-publish","hentry"],"_links":{"self":[{"href":"https:\/\/kilianer-carneval-club.de\/index.php?rest_route=\/wp\/v2\/pages\/17","targetHints":{"allow":["GET"]}}],"collection":[{"href":"https:\/\/kilianer-carneval-club.de\/index.php?rest_route=\/wp\/v2\/pages"}],"about":[{"href":"https:\/\/kilianer-carneval-club.de\/index.php?rest_route=\/wp\/v2\/types\/page"}],"author":[{"embeddable":true,"href":"https:\/\/kilianer-carneval-club.de\/index.php?rest_route=\/wp\/v2\/users\/1"}],"replies":[{"embeddable":true,"href":"https:\/\/kilianer-carneval-club.de\/index.php?rest_route=%2Fwp%2Fv2%2Fcomments&post=17"}],"version-history":[{"count":11,"href":"https:\/\/kilianer-carneval-club.de\/index.php?rest_route=\/wp\/v2\/pages\/17\/revisions"}],"predecessor-version":[{"id":1070,"href":"https:\/\/kilianer-carneval-club.de\/index.php?rest_route=\/wp\/v2\/pages\/17\/revisions\/1070"}],"wp:attachment":[{"href":"https:\/\/kilianer-carneval-club.de\/index.php?rest_route=%2Fwp%2Fv2%2Fmedia&parent=17"}],"curies":[{"name":"wp","href":"https:\/\/api.w.org\/{rel}","templated":true}]}}