{"id":35,"date":"2019-06-05T20:21:30","date_gmt":"2019-06-05T20:21:30","guid":{"rendered":"http:\/\/kilianer-carneval-club.de\/?page_id=35"},"modified":"2023-03-08T21:47:46","modified_gmt":"2023-03-08T21:47:46","slug":"impressum","status":"publish","type":"page","link":"https:\/\/kilianer-carneval-club.de\/?page_id=35","title":{"rendered":"Impressum und Nutzungsbedingungen"},"content":{"rendered":"\n<p>Herausgeber der Internetseite <\/p>\n\n\n\n<p class=\"has-text-align-center\">www.kilianer.de<\/p>\n\n\n\n<p>ist der Verein <\/p>\n\n\n\n<p>Kilianer Carneval Club 1949 e.V.<\/p>\n\n\n\n<p>1. Vorsitzende Diane Mast<br> Berberichstra\u00dfe 50 <br> 55246 Mainz-Kostheim <\/p>\n\n\n\n<p><\/p>\n\n\n\n<p> eine ehem. Gruppe der katholischen Pfarrei Sankt Kilian,  Mainz-Kostheim, vertreten durch das ehrenamtliche Pr\u00e4sidium:<\/p>\n\n\n\n<p class=\"has-text-align-center\">Diane Mast, Marcus Golob und Daniel Hahner<\/p>\n\n\n\n<hr class=\"wp-block-separator has-css-opacity\"\/>\n\n\n\n<p> Die katholische Pfarrei Sankt Kilian, Mainz-Kostheim wird vertreten durch:<br><br> Pfarrer Klaus Forster <br> Wallufer Str. 19 <br> 55246 Mainz-Kostheim <br> Tel: 06134 \/ 63754 <\/p>\n\n\n\n<hr class=\"wp-block-separator has-css-opacity\"\/>\n\n\n\n<p><\/p>\n\n\n\n<hr class=\"wp-block-separator has-css-opacity\"\/>\n\n\n\n<p><br>Hier dargestellte, dynamisch ausgelesene Informationen wie Nachrichten,  Veranstaltungshinweise und Foren k\u00f6nnen dem allgemeinen Informationspool  der Internet-Plattform entspringen. In diesem Fall zeichnet der Tr\u00e4ger  medienrechtlich verantwortlich, der diese Information zur Verf\u00fcgung  gestellt hat. Ein separates Impressum im Bereich, aus dem die  Informationsdaten stammen, benennt diesen Tr\u00e4ger.<\/p>\n\n\n\n<p><span style=\"text-decoration: underline;\">Rechtliche Hinweise<\/span><\/p>\n\n\n\n<p>Zugang und Nutzung f\u00fcr Besucher dieser Website \nunterliegen den folgenden Bestimmungen. Falls Sie mit diesen \nBestimmungen nicht einverstanden sind, nutzen Sie diese Website bitte \nnicht. Durch weitere Nutzung der Seiten dokumentieren Sie ihr \nEinverst\u00e4ndnis mit den aufgef\u00fchrten Nutzungsbedingungen.<\/p>\n\n\n\n<p><span style=\"text-decoration: underline;\">Urheberrechtlicher Hinweis<\/span><\/p>\n\n\n\n<p>Die vorliegenden Inhalte unseres \nInternetauftrittes sind urheberrechtlich gesch\u00fctzt. Alle Rechte sind \nvorbehalten. Die Verwendung der Texte und Abbildungen, auch \nauszugsweise, zu anderen als pers\u00f6nlichen Zwecken verst\u00f6\u00dft gegen die \nBestimmungen des Urheberrechts und ist damit rechtswidrig, sofern wir \neiner solchen Verwendung nicht vorab schriftlich zugestimmt haben. Dies \ngilt insbesondere f\u00fcr s\u00e4mtliche eventuellen Verwertungsrechte wie \nVervielf\u00e4ltigung, \u00fcbersetzung oder Verwendung in elektronischen \nSystemen. Werden die Inhalte zu pers\u00f6nlichen Zwecken verwendet, so \nd\u00fcrfen die Informationen in keiner Weise ver\u00e4ndert und s\u00e4mtliche \nDarstellungen der Website nur zusammen mit dem dazugeh\u00f6rigen text \nverwendet werden. In den Internet-Auftritten werden m\u00f6glicherweise \neingetragene Marken, Handelsnamen, Gebrauchsmuster und Logos verwendet. \nAuch wenn diese nicht als solche gekennzeichnet sind, gelten die \nentsprechenden gesetzlichen Bestimmungen.<\/p>\n\n\n\n<p><span style=\"text-decoration: underline;\">Haftungsbeschr\u00e4nkung<\/span><\/p>\n\n\n\n<p>Wir sind als Inhaltsanbieter nach \u00a7 7 \nTelemediengesetz f\u00fcr unsere &#8222;eigenen Inhalte&#8220;, welche wir auf unserer \nWebsite zur Nutzung bereitstellen, verantwortlich und haben die auf \ndieser Website gesammelten Informationen sorgf\u00e4ltig zusammengestellt. \nWir sind bem\u00fcht, unser Informationsangebot stetig zu erweitern und \naktuell zu halten. Gleichwohl k\u00f6nnen Informationen veraltet oder aus \nanderen Gr\u00fcnden \u00fcberholt oder unbrauchbar bzw. unrichtig sein. Die \nInformationen und Angaben auf diesen Seiten stellen daher unter keinem \nUmstand eine Zusicherung oder Garantie dar, sei sie ausdr\u00fccklich oder \nstillschweigend. <br>\nMit Nutzung unseres Internetangebotes wird das Einverst\u00e4ndnis erkl\u00e4rt, \nauf diese Website und deren Inhalte auf eigenes Risiko zuzugreifen. \nWeder  der KCC noch Dritte, die in die Erstellung, Produktion oder \n\u00fcbermittlung dieser Website involviert sind, haften f\u00fcr Sch\u00e4den oder \nVerletzungen, die sich aus dem Zugang oder der Unm\u00f6glichkeit des \nZugangs, der Nutzung oder Unm\u00f6glichkeit der Nutzung dieser Website oder \naus dem Umstand entstehen, dass Sie sich auf eine Information verlassen,\n die auf dieser Website enthalten ist.<\/p>\n\n\n\n<p><span style=\"text-decoration: underline;\">Haftung f\u00fcr Links<\/span><\/p>\n\n\n\n<p>Von den in unserer Website bereitgestellten \n&#8222;eigenen Inhalten&#8220; sind Querverweise (im folgenden auch &#8222;Links&#8220;) auf die\n von anderen Anbietern bereitgehaltenen Inhalte zu unterscheiden (\u00a7 8 \nTelemediengesetz). Wir weisen ausdr\u00fccklich darauf hin, dass wir uns die \nInhalte auf den verlinkten Websites nicht zu eigen machen. F\u00fcr diese \n&#8222;fremden Inhalte&#8220; sind wir nicht verantwortlich, da wir die \u00fcbermittlung\n der Information nicht veranlasst, den Adressaten der \u00fcbermittelten \nInformationen nicht ausgew\u00e4hlt und auch die \u00fcbermittelten Informationen \nnicht ausgew\u00e4hlt oder ver\u00e4ndert haben.<\/p>\n\n\n\n<p><span style=\"text-decoration: underline;\">Anwendbares Recht<\/span><\/p>\n\n\n\n<p>S\u00e4mtliche in Verbindung mit der Nutzung dieser \nWebsite oder mit ihr sonst in Zusammenhang stehenden Anspr\u00fcche \nunterliegen dem Recht der Bundesrepublik Deutschland einschlie\u00dflich der \nRegelungen des Internationalen Privatrechts.<\/p>\n\n\n\n<p><span style=\"text-decoration: underline;\">Datenschutz<\/span><\/p>\n\n\n\n<p>Wir verarbeiten pers\u00f6nliche Daten, die beim \nBesuch unserer Webseiten erhoben werden, gem\u00e4\u00df den Bestimmungen der \nAnordnung \u00fcber den kirchlichen Datenschutz (KDO). Unsere Webseiten \nk\u00f6nnen Links zu Webseiten anderer Anbieter enthalten, auf die sich diese\n Datenschutzerkl\u00e4rung nicht erstreckt.<\/p>\n\n\n\n<p><span style=\"text-decoration: underline;\">Erhebung und Verarbeitung pers\u00f6nlicher Daten<\/span><\/p>\n\n\n\n<p>Sie k\u00f6nnen unsere Website grunds\u00e4tzlich ohne \nOffenlegung Ihrer pers\u00f6nlichen Daten nutzen. Durch das Aufrufen unseres \nInternetauftrittes werden auf unseren Servern Daten f\u00fcr Sicherungszwecke\n gespeichert, wie der Namen Ihres Internetserviceproviders, die Website,\n von der aus Sie uns besuchen, die Websites, die Sie bei uns besuchen \nund Ihre IP-Adresse. Anhand dieser Daten kann unter Umst\u00e4nden eine \nIdentifizierung m\u00f6glich sein. Eine personenbezogene Verwertung findet \ndiesbez\u00fcglich jedoch nicht statt. Solche Daten k\u00f6nnen jedoch zu \nstatistischen Zwecken ausgewertet werden, wobei der einzelne Benutzer \njedoch anonym bleibt.<\/p>\n\n\n\n<p>Pers\u00f6nliche Daten werden dar\u00fcber hinaus nur dann gespeichert, wenn Sie uns diese von sich aus angeben.<\/p>\n\n\n\n<p><span style=\"text-decoration: underline;\">Verwendung von Cookies<\/span><\/p>\n\n\n\n<p>Wir verwenden Cookies. Cookies k\u00f6nnen genutzt \nwerden, um festzustellen, ob von ihrem Computer bereits eine \nKommunikation zu unseren Seiten bestanden hat. Diese Cookies erm\u00f6glichen\n es Ihren Computer zu identifizieren, nicht aber den Bezug zu einer \nPerson herzustellen. Unsere Cookies enthalten keine personenspezifischen\n Informationen, so dass Ihre Privatsph\u00e4re gesch\u00fctzt ist.<br>\nEine Ausnahme bildet hier die Anwahl von Passwort gesch\u00fctzten Seiten in \nunserem System (Abfrage von Benutzernamen und Passwort), da hier stets \nein Bezug zur Person besteht.<\/p>\n\n\n\n<p>Eine Nutzung unserer Website ist auch ohne \nCookies m\u00f6glich. Wenn Sie keine Cookies akzeptieren, kann dieses ggf zu \nFunktionseinschr\u00e4nkungen unserer Angebote f\u00fchren.<\/p>\n","protected":false},"excerpt":{"rendered":"<p>Herausgeber der Internetseite www.kilianer.de ist der Verein Kilianer Carneval Club 1949 e.V. 1. Vorsitzende Diane Mast Berberichstra\u00dfe 50 55246 Mainz-Kostheim eine ehem. Gruppe der katholischen Pfarrei Sankt Kilian, Mainz-Kostheim, vertreten durch das ehrenamtliche Pr\u00e4sidium: Diane Mast, Marcus Golob und Daniel &hellip; <a href=\"https:\/\/kilianer-carneval-club.de\/?page_id=35\">Weiterlesen <span class=\"meta-nav\">&rarr;<\/span><\/a><\/p>\n","protected":false},"author":1,"featured_media":0,"parent":0,"menu_order":0,"comment_status":"closed","ping_status":"closed","template":"","meta":{"footnotes":""},"class_list":["post-35","page","type-page","status-publish","hentry"],"_links":{"self":[{"href":"https:\/\/kilianer-carneval-club.de\/index.php?rest_route=\/wp\/v2\/pages\/35","targetHints":{"allow":["GET"]}}],"collection":[{"href":"https:\/\/kilianer-carneval-club.de\/index.php?rest_route=\/wp\/v2\/pages"}],"about":[{"href":"https:\/\/kilianer-carneval-club.de\/index.php?rest_route=\/wp\/v2\/types\/page"}],"author":[{"embeddable":true,"href":"https:\/\/kilianer-carneval-club.de\/index.php?rest_route=\/wp\/v2\/users\/1"}],"replies":[{"embeddable":true,"href":"https:\/\/kilianer-carneval-club.de\/index.php?rest_route=%2Fwp%2Fv2%2Fcomments&post=35"}],"version-history":[{"count":6,"href":"https:\/\/kilianer-carneval-club.de\/index.php?rest_route=\/wp\/v2\/pages\/35\/revisions"}],"predecessor-version":[{"id":1290,"href":"https:\/\/kilianer-carneval-club.de\/index.php?rest_route=\/wp\/v2\/pages\/35\/revisions\/1290"}],"wp:attachment":[{"href":"https:\/\/kilianer-carneval-club.de\/index.php?rest_route=%2Fwp%2Fv2%2Fmedia&parent=35"}],"curies":[{"name":"wp","href":"https:\/\/api.w.org\/{rel}","templated":true}]}}