{"id":36,"date":"2019-06-05T20:21:30","date_gmt":"2019-06-05T20:21:30","guid":{"rendered":"http:\/\/kilianer-carneval-club.de\/?page_id=36"},"modified":"2019-08-01T21:48:01","modified_gmt":"2019-08-01T21:48:01","slug":"dsgvo","status":"publish","type":"page","link":"https:\/\/kilianer-carneval-club.de\/?page_id=36","title":{"rendered":"Datenschutz- und Cookie-Hinweis"},"content":{"rendered":"\n<p><span style=\"text-decoration: underline;\">Grunds\u00e4tze der Datenverarbeitung<\/span><\/p>\n\n\n\n<p>Sie sind \u00fcber einen Link auf diese Seite \ngekommen, weil Sie sich \u00fcber unseren Umgang mit (Ihren) \npersonenbezogenen Daten informieren wollen. Um unsere \nInformationspflichten nach den Art. 12 ff. der \nDatenschutz-Grundverordnung (DSGVO) zu erf\u00fcllen, stellen wir Ihnen \nnachfolgend gerne unsere Informationen zum Datenschutz dar.\n<br><br><\/p>\n\n\n\n<p><span style=\"text-decoration: underline;\">Wer ist f\u00fcr Datenverarbeitung verantwortlich?<\/span><\/p>\n\n\n\n<p>Informationen, u.a. zu den  vertretungsberechtigten Personen und auch weitere Kontaktm\u00f6glichkeiten  finden Sie im Impressum unserer Internetseite. <a href=\"http:\/\/kilianer-carneval-club.de\/?page_id=35\">Hier geht es zum Impressum<\/a><br><br><\/p>\n\n\n\n<p><span style=\"text-decoration: underline;\">Cookies<\/span><\/p>\n\n\n\n<p>Cookies sind Textdateien, die automatisch bei dem\n Aufruf einer Webseite lokal im Browser des Besuchers abgelegt werden. \nDiese Website setzt Cookies ein, um das Angebot nutzerfreundlich und \nfunktionaler zu gestalten. Dank dieser Dateien ist es beispielsweise \nm\u00f6glich, auf individuelle Interessen abgestimmte Informationen auf einer\n Seite anzuzeigen. Auch Sicherheitsrelevante Funktionen zum Schutz Ihrer\n Privatsph\u00e4re werden durch den Einsatz von Cookies erm\u00f6glicht. Der \nausschlie\u00dfliche Zweck besteht also darin, unser Angebot Ihren \nKundenw\u00fcnschen bestm\u00f6glich anzupassen und die Seiten-Nutzung so \nkomfortabel wie m\u00f6glich zu gestalten. Mit Anwendung der DSGVO 2018 sind \nWebmaster dazu verpflichtet, der unter https:\/\/eu-datenschutz.org\/ \nver\u00f6ffentlichten Grundverordnung Folge zu leisten und seine Nutzer \nentsprechend \u00fcber die Erfassung und Auswertung von Daten in Kenntnis zu \nsetzen. Die Rechtm\u00e4\u00dfigkeit der Verarbeitung ist in Kapitel 2, Artikel 6 \nder DSGVO begr\u00fcndet.\n<br><br><\/p>\n\n\n\n<p><span style=\"text-decoration: underline;\">Google Analytics<\/span><\/p>\n\n\n\n<p>Dieses Angebot nutzt ebenfalls den \nWebanalysedienst Google Analytics, ein Programm der Google Inc. \n(\u201eGoogle, USA\u201c). Die durch das Tracking erfassten Informationen zu Ihrer\n Nutzung dieser Website werden auf einem Server von Google in den USA \ngespeichert. Durch eine sogenannte IP-Anonymisierung wird Ihre \nIP-Adresse von Google innerhalb von Mitgliedstaaten der Europ\u00e4ischen \nUnion oder in anderen Vertragsstaaten des Abkommens \u00fcber den \nEurop\u00e4ischen Wirtschaftsraum zuvor gek\u00fcrzt. Somit ist der Standort Ihres\n Browsers lediglich regional zuortbar, nicht aber ihrer Person. Google \nkann Besucherverhalten auswerten, um Reports \u00fcber die Websiteaktivit\u00e4ten\n zusammenzustellen. Auch weitere mit der Websitenutzung und der \nInternetnutzung verbundene Dienstleistungen k\u00f6nnen so gegen\u00fcber dem \nWebsitebetreiber erbracht werden.\n<br><br><\/p>\n\n\n\n<p><span style=\"text-decoration: underline;\">Welche Daten von Ihnen werden von uns verarbeitet? Und zu welchen Zwecken?<\/span><\/p>\n\n\n\n<p>Wenn wir Daten von Ihnen erhalten haben, dann \nwerden wir diese grunds\u00e4tzlich nur f\u00fcr die Zwecke verarbeiten, f\u00fcr die \nwir sie erhalten oder erhoben haben.\n\nEine Datenverarbeitung zu anderen Zwecken kommt nur dann in Betracht, \nwenn die insoweit erforderlichen rechtlichen Vorgaben gem\u00e4\u00df Art. 6 Abs. 4\n DSGVO vorliegen. Etwaige Informationspflichten nach Art. 13 Abs. 3 \nDSGVO und Art. 14 Abs. 4 DSGVO werden wir in dem Fall selbstverst\u00e4ndlich\n beachten.\nAuf welcher rechtlichen Grundlage basiert das?\n\nRechtsgrundlage f\u00fcr die Verarbeitung von personenbezogenen Daten ist \ngrunds\u00e4tzlich \u2013 soweit es nicht noch spezifische Rechtsvorschriften gibt\n \u2013 Art. 6 DSGVO. Hier kommen insbesondere folgende M\u00f6glichkeiten in \nBetracht:\n\n    Einwilligung (Art. 6 Abs. 1 lit. a) DSGVO)\n    Datenverarbeitung zur Erf\u00fcllung von Vertr\u00e4gen (Art. 6 Abs. 1 lit. b)\n DSGVO\n    Datenverarbeitung auf Basis einer Interessenabw\u00e4gung (Art. 6 Abs. 1 \nlit. f) DSGVO)\n    Datenverarbeitung zur Erf\u00fcllung einer rechtlichen Verpflichtung \n(Art. 6 Abs. 1 lit. c) DSGVO)\n\nWenn personenbezogene Daten auf Grundlage einer Einwilligung von Ihnen \nverarbeitet werden, haben Sie das Recht, die Einwilligung jederzeit mit \nWirkung f\u00fcr die Zukunft uns gegen\u00fcber zu widerrufen.\n\nWenn wir Daten auf Basis einer Interessenabw\u00e4gung verarbeiten, haben Sie\n als Betroffene\/r das Recht, unter Ber\u00fccksichtigung der Vorgaben von \nArt. 21 DSGVO der Verarbeitung der personenbezogenen Daten zu \nwidersprechen.\nWie lange werden die Daten gespeichert?\n\nWir verarbeiten die Daten, solange dies f\u00fcr den jeweiligen Zweck \nerforderlich ist.\n\nSoweit gesetzliche Aufbewahrungspflichten bestehen \u2013 z.B. im \nHandelsrecht oder Steuerrecht \u2013 werden die betreffenden \npersonenbezogenen Daten f\u00fcr die Dauer der Aufbewahrungspflicht \ngespeichert. Nach Ablauf der Aufbewahrungspflicht wird gepr\u00fcft, ob eine \nweitere Erforderlichkeit f\u00fcr die Verarbeitung vorliegt. Liegt eine \nErforderlichkeit nicht mehr vor, werden die Daten gel\u00f6scht.\n\nGrunds\u00e4tzlich nehmen wir gegen Ende eines Kalenderjahres eine Pr\u00fcfung \nvon Daten im Hinblick auf das Erfordernis einer weiteren Verarbeitung \nvor. Aufgrund der Menge der Daten erfolgt diese Pr\u00fcfung im Hinblick auf \nspezifische Datenarten oder Zwecke einer Verarbeitung.\n\nSelbstverst\u00e4ndlich k\u00f6nnen Sie jederzeit (s.u.) Auskunft \u00fcber die bei uns\n zu Ihrer Person gespeicherten Daten verlangen und im Falle einer nicht \nbestehenden Erforderlichkeit eine L\u00f6schung der Daten oder Einschr\u00e4nkung \nder Verarbeitung verlangen.\nAn welche Empf\u00e4nger werden die Daten weitergegeben?\n\nEine Weitergabe Ihrer personenbezogenen Daten an Dritte findet \ngrunds\u00e4tzlich nur statt, wenn dies f\u00fcr die Durchf\u00fchrung des Vertrages \nmit Ihnen erforderlich ist, die Weitergabe auf Basis einer \nInteressenabw\u00e4gung i.S.d. Art. 6 Abs. 1 lit. f) DSGVO zul\u00e4ssig ist, wir \nrechtlich zu der Weitergabe verpflichtet sind oder Sie insoweit eine \nEinwilligung erteilt haben.\nWo werden die Daten verarbeitet?\n\nIhre personenbezogenen Daten werden von uns ausschlie\u00dflich in \nRechenzentren der Bundesrepublik Deutschland verarbeitet.\nIhre Rechte als \u201eBetroffene\u201c\n\nSie haben das Recht auf Auskunft \u00fcber die von uns zu Ihrer Person \nverarbeiteten personenbezogenen Daten.\n\nBei einer Auskunftsanfrage, die nicht schriftlich erfolgt, bitten wir um\n Verst\u00e4ndnis daf\u00fcr, dass wir dann ggf. Nachweise von Ihnen verlangen, \ndie belegen, dass Sie die Person sind, f\u00fcr die Sie sich ausgeben.\n\nFerner haben Sie ein Recht auf Berichtigung oder L\u00f6schung oder auf \nEinschr\u00e4nkung der Verarbeitung, soweit Ihnen dies gesetzlich zusteht.\n\nFerner haben Sie ein Widerspruchsrecht gegen die Verarbeitung im Rahmen \nder gesetzlichen Vorgaben. Ein Recht auf Daten\u00fcbertragbarkeit besteht \nebenfalls im Rahmen der datenschutzrechtlichen Vorgaben.\n\nInsbesondere haben Sie ein Widerspruchsrecht nach Art. 21 Abs. 1 und 2 \nDSGVO gegen die Verarbeitung Ihrer Daten im Zusammenhang mit einer \nDirektwerbung, wenn diese auf Basis einer Interessenabw\u00e4gung erfolgt.\n<\/p>\n","protected":false},"excerpt":{"rendered":"<p>Grunds\u00e4tze der Datenverarbeitung Sie sind \u00fcber einen Link auf diese Seite gekommen, weil Sie sich \u00fcber unseren Umgang mit (Ihren) personenbezogenen Daten informieren wollen. Um unsere Informationspflichten nach den Art. 12 ff. der Datenschutz-Grundverordnung (DSGVO) zu erf\u00fcllen, stellen wir Ihnen &hellip; <a href=\"https:\/\/kilianer-carneval-club.de\/?page_id=36\">Weiterlesen <span class=\"meta-nav\">&rarr;<\/span><\/a><\/p>\n","protected":false},"author":1,"featured_media":0,"parent":0,"menu_order":0,"comment_status":"closed","ping_status":"closed","template":"","meta":{"footnotes":""},"class_list":["post-36","page","type-page","status-publish","hentry"],"_links":{"self":[{"href":"https:\/\/kilianer-carneval-club.de\/index.php?rest_route=\/wp\/v2\/pages\/36","targetHints":{"allow":["GET"]}}],"collection":[{"href":"https:\/\/kilianer-carneval-club.de\/index.php?rest_route=\/wp\/v2\/pages"}],"about":[{"href":"https:\/\/kilianer-carneval-club.de\/index.php?rest_route=\/wp\/v2\/types\/page"}],"author":[{"embeddable":true,"href":"https:\/\/kilianer-carneval-club.de\/index.php?rest_route=\/wp\/v2\/users\/1"}],"replies":[{"embeddable":true,"href":"https:\/\/kilianer-carneval-club.de\/index.php?rest_route=%2Fwp%2Fv2%2Fcomments&post=36"}],"version-history":[{"count":3,"href":"https:\/\/kilianer-carneval-club.de\/index.php?rest_route=\/wp\/v2\/pages\/36\/revisions"}],"predecessor-version":[{"id":829,"href":"https:\/\/kilianer-carneval-club.de\/index.php?rest_route=\/wp\/v2\/pages\/36\/revisions\/829"}],"wp:attachment":[{"href":"https:\/\/kilianer-carneval-club.de\/index.php?rest_route=%2Fwp%2Fv2%2Fmedia&parent=36"}],"curies":[{"name":"wp","href":"https:\/\/api.w.org\/{rel}","templated":true}]}}