{"id":5,"date":"2019-06-05T19:49:43","date_gmt":"2019-06-05T19:49:43","guid":{"rendered":"http:\/\/kilianer-carneval-club.de\/?page_id=5"},"modified":"2026-03-14T12:39:35","modified_gmt":"2026-03-14T12:39:35","slug":"willkommen-beim-kilianer-carneval-club-mainz-kostheim","status":"publish","type":"page","link":"https:\/\/kilianer-carneval-club.de\/","title":{"rendered":"Willkommen beim   Kilianer Carneval Club   Mainz &#8211; Kostheim"},"content":{"rendered":"\n<div class=\"wp-block-group\"><div class=\"wp-block-group__inner-container is-layout-flow wp-block-group-is-layout-flow\">\n<div class=\"wp-block-group\"><div class=\"wp-block-group__inner-container is-layout-flow wp-block-group-is-layout-flow\">\n<p>R\u00fcckblick auf eine gro\u00dfartige Fastnachtskampagne<\/p>\n\n\n\n<p>Mit zwei ausverkauften Sitzungen, einer fantastischen Stimmung im Saal und einem begeisterten Publikum blicken wir auf eine rundum gelungene Fastnachtskampagne zur\u00fcck. Die vielen lachenden Gesichter, der Applaus und die ausgelassene Atmosph\u00e4re haben einmal mehr gezeigt, wie lebendig und besonders unsere Fastnacht ist.<\/p>\n\n\n\n<p>Ein besonderer Moment des Abends war die Verabschiedung unseres langj\u00e4hrigen aktiven Mitwirkenden Hansi Greb alias Hobbes. \u00dcber viele Jahre hinweg hat er mit seinem Engagement, seiner Energie und seiner Leidenschaft unsere Sitzungen mitgepr\u00e4gt und bereichert. F\u00fcr all die unvergesslichen Momente auf und hinter der B\u00fchne m\u00f6chten wir uns von Herzen bedanken. Lieber Hansi, alles Gute f\u00fcr Dich!<\/p>\n\n\n\n<p>Ebenso gilt unser gro\u00dfer Dank unserem treuen Publikum. Dass beide Sitzungen ausverkauft waren und die Stimmung im Saal so mitrei\u00dfend war, bedeutet uns sehr viel. Ohne euch \u2013 unsere G\u00e4ste, Unterst\u00fctzer und Freunde der Fastnacht \u2013 w\u00e4re all das nicht m\u00f6glich. <\/p>\n\n\n\n<p>Wir freuen uns schon jetzt darauf, euch in der n\u00e4chsten Kampagne wieder begr\u00fc\u00dfen zu d\u00fcrfen, wenn es erneut hei\u00dft: B\u00fchne frei f\u00fcr Humor, Tanz, Musik und beste Fastnachtsstimmung!<\/p>\n\n\n\n<figure class=\"wp-block-gallery has-nested-images columns-default is-cropped wp-block-gallery-1 is-layout-flex wp-block-gallery-is-layout-flex\">\n<figure class=\"wp-block-image size-large\"><img loading=\"lazy\" decoding=\"async\" width=\"1024\" height=\"683\" data-id=\"1688\" src=\"https:\/\/kilianer-carneval-club.de\/wp-content\/uploads\/2026\/03\/IMG_9525-1-1024x683.jpg\" alt=\"\" class=\"wp-image-1688\" srcset=\"https:\/\/kilianer-carneval-club.de\/wp-content\/uploads\/2026\/03\/IMG_9525-1-1024x683.jpg 1024w, https:\/\/kilianer-carneval-club.de\/wp-content\/uploads\/2026\/03\/IMG_9525-1-300x200.jpg 300w, https:\/\/kilianer-carneval-club.de\/wp-content\/uploads\/2026\/03\/IMG_9525-1-768x512.jpg 768w, https:\/\/kilianer-carneval-club.de\/wp-content\/uploads\/2026\/03\/IMG_9525-1-1536x1024.jpg 1536w, https:\/\/kilianer-carneval-club.de\/wp-content\/uploads\/2026\/03\/IMG_9525-1-2048x1365.jpg 2048w\" sizes=\"auto, (max-width: 1024px) 100vw, 1024px\" \/><\/figure>\n<\/figure>\n\n\n\n<div class=\"wp-block-group\"><div class=\"wp-block-group__inner-container is-layout-flow wp-block-group-is-layout-flow\">\n<p>Seit 2024 besteht die M\u00f6glichkeit beim Kilianer Carneval Club 1949 e.V. Mitglied zu werden. Wer Mitglied f\u00fcr \u20ac 11,00 im Jahr werden m\u00f6chte, f\u00fcllt bitte den Aufnahmeantrag aus und mailt ihn an praesidium@kilianer.de oder postalisch an Kilianer Carneval Club 1949 e.V. Berberichstra\u00dfe 50, 55246 Mainz-Kostheim.<\/p>\n\n\n\n<div class=\"wp-block-file\"><a id=\"wp-block-file--media-c7470e9f-b410-445f-887a-a909ddbfc62b\" href=\"http:\/\/kilianer-carneval-club.de\/wp-content\/uploads\/2023\/02\/MItgliedsantrag.pdf\" target=\"_blank\" rel=\"noreferrer noopener\">Mitgliedsantrag Kilianer<\/a><a href=\"http:\/\/kilianer-carneval-club.de\/wp-content\/uploads\/2023\/02\/MItgliedsantrag.pdf\" class=\"wp-block-file__button wp-element-button\" download aria-describedby=\"wp-block-file--media-c7470e9f-b410-445f-887a-a909ddbfc62b\">Herunterladen<\/a><\/div>\n\n\n\n<p>Mit n\u00e4rrischem Gru\u00df<\/p>\n\n\n\n<p>Diane Mast, 1. Vorsitzende<\/p>\n<\/div><\/div>\n<\/div><\/div>\n<\/div><\/div>\n\n\n\n<figure class=\"wp-block-gallery has-nested-images columns-default is-cropped wp-block-gallery-2 is-layout-flex wp-block-gallery-is-layout-flex\">\n<figure class=\"wp-block-image size-large\"><img loading=\"lazy\" decoding=\"async\" width=\"1024\" height=\"683\" data-id=\"1690\" src=\"https:\/\/kilianer-carneval-club.de\/wp-content\/uploads\/2026\/03\/IMG_0222-1-1024x683.jpg\" alt=\"\" class=\"wp-image-1690\" srcset=\"https:\/\/kilianer-carneval-club.de\/wp-content\/uploads\/2026\/03\/IMG_0222-1-1024x683.jpg 1024w, https:\/\/kilianer-carneval-club.de\/wp-content\/uploads\/2026\/03\/IMG_0222-1-300x200.jpg 300w, https:\/\/kilianer-carneval-club.de\/wp-content\/uploads\/2026\/03\/IMG_0222-1-768x512.jpg 768w, https:\/\/kilianer-carneval-club.de\/wp-content\/uploads\/2026\/03\/IMG_0222-1-1536x1024.jpg 1536w, https:\/\/kilianer-carneval-club.de\/wp-content\/uploads\/2026\/03\/IMG_0222-1-2048x1365.jpg 2048w\" sizes=\"auto, (max-width: 1024px) 100vw, 1024px\" \/><\/figure>\n<\/figure>\n\n\n<ul class=\"wp-block-latest-posts__list has-dates wp-block-latest-posts\"><li><a class=\"wp-block-latest-posts__post-title\" href=\"https:\/\/kilianer-carneval-club.de\/?p=1685\">Messdienershirts 2025<\/a><time datetime=\"2026-03-14T12:30:18+00:00\" class=\"wp-block-latest-posts__post-date\">M\u00e4rz 14, 2026<\/time><\/li>\n<li><a class=\"wp-block-latest-posts__post-title\" href=\"https:\/\/kilianer-carneval-club.de\/?p=1103\">Podcast<\/a><time datetime=\"2022-01-18T16:47:12+00:00\" class=\"wp-block-latest-posts__post-date\">Januar 18, 2022<\/time><\/li>\n<li><a class=\"wp-block-latest-posts__post-title\" href=\"https:\/\/kilianer-carneval-club.de\/?p=960\">Spende der MVB<\/a><time datetime=\"2020-02-20T09:24:47+00:00\" class=\"wp-block-latest-posts__post-date\">Februar 20, 2020<\/time><\/li>\n<li><a class=\"wp-block-latest-posts__post-title\" href=\"https:\/\/kilianer-carneval-club.de\/?p=899\">An-Schobben<\/a><time datetime=\"2020-01-16T09:31:16+00:00\" class=\"wp-block-latest-posts__post-date\">Januar 16, 2020<\/time><\/li>\n<li><a class=\"wp-block-latest-posts__post-title\" href=\"https:\/\/kilianer-carneval-club.de\/?p=869\">Kilianus-Pin ab sofort erh\u00e4ltlich!<\/a><time datetime=\"2019-11-19T16:06:35+00:00\" class=\"wp-block-latest-posts__post-date\">November 19, 2019<\/time><\/li>\n<\/ul>","protected":false},"excerpt":{"rendered":"<p>R\u00fcckblick auf eine gro\u00dfartige Fastnachtskampagne Mit zwei ausverkauften Sitzungen, einer fantastischen Stimmung im Saal und einem begeisterten Publikum blicken wir auf eine rundum gelungene Fastnachtskampagne zur\u00fcck. Die vielen lachenden Gesichter, der Applaus und die ausgelassene Atmosph\u00e4re haben einmal mehr gezeigt, &hellip; <a href=\"https:\/\/kilianer-carneval-club.de\/\">Weiterlesen <span class=\"meta-nav\">&rarr;<\/span><\/a><\/p>\n","protected":false},"author":1,"featured_media":0,"parent":0,"menu_order":0,"comment_status":"closed","ping_status":"closed","template":"","meta":{"footnotes":""},"class_list":["post-5","page","type-page","status-publish","hentry"],"_links":{"self":[{"href":"https:\/\/kilianer-carneval-club.de\/index.php?rest_route=\/wp\/v2\/pages\/5","targetHints":{"allow":["GET"]}}],"collection":[{"href":"https:\/\/kilianer-carneval-club.de\/index.php?rest_route=\/wp\/v2\/pages"}],"about":[{"href":"https:\/\/kilianer-carneval-club.de\/index.php?rest_route=\/wp\/v2\/types\/page"}],"author":[{"embeddable":true,"href":"https:\/\/kilianer-carneval-club.de\/index.php?rest_route=\/wp\/v2\/users\/1"}],"replies":[{"embeddable":true,"href":"https:\/\/kilianer-carneval-club.de\/index.php?rest_route=%2Fwp%2Fv2%2Fcomments&post=5"}],"version-history":[{"count":60,"href":"https:\/\/kilianer-carneval-club.de\/index.php?rest_route=\/wp\/v2\/pages\/5\/revisions"}],"predecessor-version":[{"id":1691,"href":"https:\/\/kilianer-carneval-club.de\/index.php?rest_route=\/wp\/v2\/pages\/5\/revisions\/1691"}],"wp:attachment":[{"href":"https:\/\/kilianer-carneval-club.de\/index.php?rest_route=%2Fwp%2Fv2%2Fmedia&parent=5"}],"curies":[{"name":"wp","href":"https:\/\/api.w.org\/{rel}","templated":true}]}}