{"id":9,"date":"2019-06-05T19:52:18","date_gmt":"2019-06-05T19:52:18","guid":{"rendered":"http:\/\/kilianer-carneval-club.de\/?page_id=9"},"modified":"2026-03-14T11:48:41","modified_gmt":"2026-03-14T11:48:41","slug":"kartenbestellung-beim-kcc","status":"publish","type":"page","link":"https:\/\/kilianer-carneval-club.de\/?page_id=9","title":{"rendered":"Kartenbestellung beim KCC"},"content":{"rendered":"\n<p class=\"has-blue-color has-text-color\">f\u00fcr die <strong>Sitzungen der Kampagne 2026\/2027:<\/strong><\/p>\n\n\n\n<p>Sonntag, 24.01.2027, Beginn: 17:11 Uhr<\/p>\n\n\n\n<p>Sonntag, 31.01.2027, Beginn: 17:11 Uhr<\/p>\n\n\n\n<p><\/p>\n\n\n\n<p>Kartenbestellung ist hier ab 01.06. f\u00fcr Nicht-Mitglieder und ab 01.05. f\u00fcr Mitglieder m\u00f6glich. Eintrittspreise \u20ac 15,00.<\/p>\n\n\n\n<p>Alle Veranstaltungen finden wie immer in der Narrhalla&nbsp;<br>Ferrutiushaus, Herrenstra\u00dfe 13 statt. <\/p>\n\n\n\n<p> Die <strong>Kartenabholtermine <\/strong>im Ferrutiushaus sind am:      <\/p>\n\n\n\n<p>Dienstag 05.01.2027 von 18.00-19.00 Uhr und Samstag, 09.01.2027 von 10.00-11.00 Uhr<\/p>\n\n\n\n<p>     <br>Karten k\u00f6nnen Sie \u00fcber zwei Wege bestellen:<\/p>\n\n\n\n<blockquote class=\"wp-block-quote is-layout-flow wp-block-quote-is-layout-flow\">\n<p>Vielen Dank f\u00fcr ihre Bestellung!<\/p>\n<\/blockquote>\n\n\n\n<blockquote class=\"wp-block-quote is-layout-flow wp-block-quote-is-layout-flow\">\n<p>&#8211; per Mail: einfach Email an&nbsp;<a href=\"mailto:karten@kilianer.de\">karten@kilianer.de<\/a>&nbsp;<br>&#8211; per Telefon: einfach Ihre Bestellung aufgeben unter <strong>06134\/934432<\/strong><\/p>\n\n\n\n<p>Bitte nennen Sie uns bei der Bestellung Ihren Namen, Ihre Telefonnummer,  sowie die Anzahl der gew\u00fcnschten Karten. <br><br><span style=\"text-decoration: underline;\">Weitere Hinweise bei Telefonbestellung:<\/span><br>Ihr Gespr\u00e4ch wird von einem Anrufbeantworter entgegengenommen.<\/p>\n<\/blockquote>\n\n\n\n<p><\/p>\n","protected":false},"excerpt":{"rendered":"<p>f\u00fcr die Sitzungen der Kampagne 2026\/2027: Sonntag, 24.01.2027, Beginn: 17:11 Uhr Sonntag, 31.01.2027, Beginn: 17:11 Uhr Kartenbestellung ist hier ab 01.06. f\u00fcr Nicht-Mitglieder und ab 01.05. f\u00fcr Mitglieder m\u00f6glich. Eintrittspreise \u20ac 15,00. Alle Veranstaltungen finden wie immer in der Narrhalla&nbsp;Ferrutiushaus, &hellip; <a href=\"https:\/\/kilianer-carneval-club.de\/?page_id=9\">Weiterlesen <span class=\"meta-nav\">&rarr;<\/span><\/a><\/p>\n","protected":false},"author":1,"featured_media":0,"parent":0,"menu_order":0,"comment_status":"closed","ping_status":"closed","template":"","meta":{"footnotes":""},"class_list":["post-9","page","type-page","status-publish","hentry"],"_links":{"self":[{"href":"https:\/\/kilianer-carneval-club.de\/index.php?rest_route=\/wp\/v2\/pages\/9","targetHints":{"allow":["GET"]}}],"collection":[{"href":"https:\/\/kilianer-carneval-club.de\/index.php?rest_route=\/wp\/v2\/pages"}],"about":[{"href":"https:\/\/kilianer-carneval-club.de\/index.php?rest_route=\/wp\/v2\/types\/page"}],"author":[{"embeddable":true,"href":"https:\/\/kilianer-carneval-club.de\/index.php?rest_route=\/wp\/v2\/users\/1"}],"replies":[{"embeddable":true,"href":"https:\/\/kilianer-carneval-club.de\/index.php?rest_route=%2Fwp%2Fv2%2Fcomments&post=9"}],"version-history":[{"count":30,"href":"https:\/\/kilianer-carneval-club.de\/index.php?rest_route=\/wp\/v2\/pages\/9\/revisions"}],"predecessor-version":[{"id":1536,"href":"https:\/\/kilianer-carneval-club.de\/index.php?rest_route=\/wp\/v2\/pages\/9\/revisions\/1536"}],"wp:attachment":[{"href":"https:\/\/kilianer-carneval-club.de\/index.php?rest_route=%2Fwp%2Fv2%2Fmedia&parent=9"}],"curies":[{"name":"wp","href":"https:\/\/api.w.org\/{rel}","templated":true}]}}